{"id":4367,"date":"2025-10-16T15:58:58","date_gmt":"2025-10-16T20:58:58","guid":{"rendered":"https:\/\/gibimma.udenar.edu.co\/?page_id=4367"},"modified":"2025-10-31T10:35:28","modified_gmt":"2025-10-31T15:35:28","slug":"sobre-nosotros","status":"publish","type":"page","link":"https:\/\/gibimma.udenar.edu.co\/?page_id=4367","title":{"rendered":"\u00bfQui\u00e9nes Somos?"},"content":{"rendered":"\t\t<div data-elementor-type=\"wp-page\" data-elementor-id=\"4367\" class=\"elementor elementor-4367\">\n\t\t\t\t\t\t\t\t\t<section class=\"elementor-section elementor-top-section elementor-element elementor-element-b0bd77f elementor-section-boxed elementor-section-height-default elementor-section-height-default\" data-id=\"b0bd77f\" data-element_type=\"section\">\n\t\t\t\t\t\t<div class=\"elementor-container elementor-column-gap-default\">\n\t\t\t\t\t<div class=\"elementor-column elementor-col-100 elementor-top-column elementor-element elementor-element-dc19a7d\" data-id=\"dc19a7d\" data-element_type=\"column\">\n\t\t\t<div class=\"elementor-widget-wrap\">\n\t\t\t\t\t\t\t\t\t<\/div>\n\t\t<\/div>\n\t\t\t\t\t\t\t<\/div>\n\t\t<\/section>\n\t\t\t\t<section class=\"elementor-section elementor-top-section elementor-element elementor-element-b24626c elementor-section-boxed elementor-section-height-default elementor-section-height-default\" data-id=\"b24626c\" data-element_type=\"section\" data-settings=\"{&quot;background_background&quot;:&quot;classic&quot;}\">\n\t\t\t\t\t\t<div class=\"elementor-container elementor-column-gap-default\">\n\t\t\t\t\t<div class=\"elementor-column elementor-col-100 elementor-top-column elementor-element elementor-element-de7b0c4\" data-id=\"de7b0c4\" data-element_type=\"column\">\n\t\t\t<div class=\"elementor-widget-wrap elementor-element-populated\">\n\t\t\t\t\t\t\t\t<div class=\"elementor-element elementor-element-c4ff9b2 elementor-widget elementor-widget-heading\" data-id=\"c4ff9b2\" data-element_type=\"widget\" data-widget_type=\"heading.default\">\n\t\t\t\t<div class=\"elementor-widget-container\">\n\t\t\t<h3 class=\"elementor-heading-title elementor-size-default\">\u00bfQui\u00e9nes Somos?<\/h3>\t\t<\/div>\n\t\t\t\t<\/div>\n\t\t\t\t<div class=\"elementor-element elementor-element-31499e4 elementor-widget-divider--view-line elementor-widget elementor-widget-divider\" data-id=\"31499e4\" data-element_type=\"widget\" data-widget_type=\"divider.default\">\n\t\t\t\t<div class=\"elementor-widget-container\">\n\t\t\t\t\t<div class=\"elementor-divider\">\n\t\t\t<span class=\"elementor-divider-separator\">\n\t\t\t\t\t\t<\/span>\n\t\t<\/div>\n\t\t\t\t<\/div>\n\t\t\t\t<\/div>\n\t\t\t\t<div class=\"elementor-element elementor-element-a69fe0f elementor-widget elementor-widget-text-editor\" data-id=\"a69fe0f\" data-element_type=\"widget\" data-widget_type=\"text-editor.default\">\n\t\t\t\t<div class=\"elementor-widget-container\">\n\t\t\t\t\t\t\t<p style=\"text-align: justify;\">El grupo se ha enfocado en la formaci\u00f3n de talento humano en <strong>biolog\u00eda matem\u00e1tica y matem\u00e1ticas aplicadas<\/strong>, mediante la direcci\u00f3n de tesis de pregrado y posgrado, y la realizaci\u00f3n de proyectos de investigaci\u00f3n financiados interna y externamente, con colaboraci\u00f3n nacional e internacional. Entre sus logros se cuentan la organizaci\u00f3n del <strong>Primer Encuentro de Biolog\u00eda Matem\u00e1tica en Nari\u00f1o<\/strong>, la consolidaci\u00f3n de redes acad\u00e9micas y la obtenci\u00f3n de la <strong>categor\u00eda A1<\/strong> en la clasificaci\u00f3n de grupos del <strong>Ministerio de Ciencia, Tecnolog\u00eda e Innovaci\u00f3n (MinCiencias)<\/strong>. Muchos de sus egresados y miembros se desempe\u00f1an hoy como investigadores y acad\u00e9micos en universidades nacionales e internacionales.<\/p><p style=\"text-align: justify;\">A medida que GIBIMMA ha adquirido experiencia, ha ampliado sus l\u00edneas de trabajo para incluir \u00e1reas emergentes e imprescindibles en la investigaci\u00f3n contempor\u00e1nea, como las <strong>ciencias ambientales, ciencias b\u00e1sicas, ingenier\u00edas<\/strong> y la <strong>inteligencia artificial aplicada a la modelaci\u00f3n matem\u00e1tica<\/strong>, manteniendo siempre un enfoque interdisciplinario.<\/p>\t\t\t\t\t\t<\/div>\n\t\t\t\t<\/div>\n\t\t\t\t<div class=\"elementor-element elementor-element-38fb26c elementor-widget elementor-widget-the7-accordion\" data-id=\"38fb26c\" data-element_type=\"widget\" data-widget_type=\"the7-accordion.default\">\n\t\t\t\t<div class=\"elementor-widget-container\">\n\t\t\t\t\t<div class=\"elementor-accordion the7-adv-accordion\" data-accordion-type=\"accordion\" role=\"tablist\">\n\t\t\t\t\t\t\t<div class=\"elementor-accordion-item\">\n\t\t\t\t\t<h4 id=\"elementor-tab-title-5971\" class=\"elementor-tab-title the7-accordion-header deactive-default\" data-tab=\"1\" role=\"tab\" aria-controls=\"elementor-tab-content-5971\">\n\n\t\t\t\t\t\t\t\t\t\t\t\t\t<span class=\"elementor-accordion-icon elementor-accordion-icon-left\" aria-hidden=\"true\">\n\t\t\t\t\t\t\t\t\t\t\t\t\t\t\t<span class=\"elementor-accordion-icon-closed\"><i class=\"fas fa-caret-down\"><\/i><\/span>\n\t\t\t\t\t\t\t\t\t\t\t\t\t\t\t\t\t<span class=\"elementor-accordion-icon-opened\"><i class=\"fas fa-caret-up\"><\/i><\/span>\n\t\t\t\t\t\t\t\t\t\t\t\t\t\t\t\t\t\t\t\t\t\t<\/span>\n\t\t\t\t\t\t\t\t\t\t\t\t\t\t\t\t\t\t<a class=\"elementor-accordion-title\" href=\"\">Pensando en el futuro y en las necesidades de la regi\u00f3n, GIBIMMA se propone:<\/a>\n\t\t\t\t\t<\/h4>\n\t\t\t\t\t<div id=\"elementor-tab-content-5971\" class=\"elementor-tab-content elementor-clearfix deactive-default\" data-tab=\"1\" role=\"tabpanel\" aria-labelledby=\"elementor-tab-title-5971\"><ol><li>Diversificar la investigaci\u00f3n en el programa de <strong>Licenciatura en Matem\u00e1ticas<\/strong> mediante proyectos inclusivos, interdisciplinarios e interinstitucionales.<\/li><li>Fortalecer los lazos acad\u00e9micos entre los programas de la Facultad de Ciencias Exactas y Naturales y facultades afines.<\/li><li>Contribuir al desarrollo cient\u00edfico, tecnol\u00f3gico y productivo a nivel regional y global.<\/li><li>Posicionar al <strong>Departamento de Matem\u00e1ticas y Estad\u00edstica<\/strong> como referente investigativo a nivel nacional e internacional.<\/li><\/ol><p>De este modo, GIBIMMA contin\u00faa generando conocimiento e impacto desde la convergencia entre las matem\u00e1ticas, las ciencias biol\u00f3gicas, ambientales y computacionales, aportando soluciones a los retos actuales y futuros.<\/p><\/div>\n\t\t\t\t<\/div>\n\t\t\t\t\t<\/div>\n\t\t\t\t<\/div>\n\t\t\t\t<\/div>\n\t\t\t\t\t<\/div>\n\t\t<\/div>\n\t\t\t\t\t\t\t<\/div>\n\t\t<\/section>\n\t\t\t\t<section class=\"elementor-section elementor-top-section elementor-element elementor-element-c5060d1 elementor-section-boxed elementor-section-height-default elementor-section-height-default\" data-id=\"c5060d1\" data-element_type=\"section\">\n\t\t\t\t\t\t<div class=\"elementor-container elementor-column-gap-default\">\n\t\t\t\t\t<div class=\"elementor-column elementor-col-50 elementor-top-column elementor-element elementor-element-f5cef45\" data-id=\"f5cef45\" data-element_type=\"column\" data-settings=\"{&quot;background_background&quot;:&quot;classic&quot;}\">\n\t\t\t<div class=\"elementor-widget-wrap elementor-element-populated\">\n\t\t\t\t\t\t\t\t<div class=\"elementor-element elementor-element-a8c6759 content-align-left icon-box-vertical-align-top icon-position-left icon-vertical-align-start elementor-widget elementor-widget-the7_icon_box_widget\" data-id=\"a8c6759\" data-element_type=\"widget\" data-widget_type=\"the7_icon_box_widget.default\">\n\t\t\t\t<div class=\"elementor-widget-container\">\n\t\t\t\n\t\t<div class=\"the7-box-wrapper the7-elementor-widget the7_icon_box_widget-a8c6759\">\t\t\t<div class=\"box-content-wrapper\">\n\t\t\t\t\t\t\t\t\t<a class=\"elementor-icon-div\" >\t\t\t\t\t\t<div class=\"elementor-icon\">\n\t\t\t\t\t\t\t<i aria-hidden=\"true\" class=\"fas fa-bullseye\"><\/i>\t\t\t\t\t\t<\/div>\n\t\t\t\t\t<\/a>\t\t\t\t\t\t\t\t<div class=\"box-content\">\n\t\t\t\t\t\t\t\t\t\t\t\t\t\t\t\t\t<h4 class=\"box-heading\">\n\t\t\t\t\t\t\t<a >\t\t\t\t\t\t\t\tMisi\u00f3n\t\t\t\t\t\t\t<\/a>\t\t\t\t\t\t<\/h4>\n\t\t\t\t\t\t\t\t\t\t\n\t\t\t\t\t\n\t\t\t\t<\/div>\n\t\t\t<\/div>\n\t\t<\/div>\t\t\t<\/div>\n\t\t\t\t<\/div>\n\t\t\t\t<div class=\"elementor-element elementor-element-9a07497 elementor-widget elementor-widget-text-editor\" data-id=\"9a07497\" data-element_type=\"widget\" data-widget_type=\"text-editor.default\">\n\t\t\t\t<div class=\"elementor-widget-container\">\n\t\t\t\t\t\t\t<p class=\"paragraph\" style=\"margin: 0cm; margin-bottom: .0001pt; text-align: justify; vertical-align: baseline;\">El <strong>Grupo de Investigaci\u00f3n en Biolog\u00eda Matem\u00e1tica y Matem\u00e1tica Aplicada (GIBIMMA)<\/strong> tiene como misi\u00f3n fortalecer la investigaci\u00f3n cient\u00edfica en la Universidad de Nari\u00f1o mediante el desarrollo de estudios interdisciplinarios que integren las matem\u00e1ticas con las ciencias biol\u00f3gicas, ambientales y computacionales. El grupo busca aportar a la soluci\u00f3n de problem\u00e1ticas regionales y globales a trav\u00e9s de la modelaci\u00f3n matem\u00e1tica, la innovaci\u00f3n y la formaci\u00f3n de talento humano altamente calificado, contribuyendo al avance del conocimiento y al desarrollo sostenible de la regi\u00f3n.<\/p>\t\t\t\t\t\t<\/div>\n\t\t\t\t<\/div>\n\t\t\t\t\t<\/div>\n\t\t<\/div>\n\t\t\t\t<div class=\"elementor-column elementor-col-50 elementor-top-column elementor-element elementor-element-fdfd3f8\" data-id=\"fdfd3f8\" data-element_type=\"column\" data-settings=\"{&quot;background_background&quot;:&quot;classic&quot;}\">\n\t\t\t<div class=\"elementor-widget-wrap elementor-element-populated\">\n\t\t\t\t\t\t\t\t<div class=\"elementor-element elementor-element-962dff9 content-align-left icon-box-vertical-align-top icon-position-left icon-vertical-align-start elementor-widget elementor-widget-the7_icon_box_widget\" data-id=\"962dff9\" data-element_type=\"widget\" data-widget_type=\"the7_icon_box_widget.default\">\n\t\t\t\t<div class=\"elementor-widget-container\">\n\t\t\t\n\t\t<div class=\"the7-box-wrapper the7-elementor-widget the7_icon_box_widget-962dff9\">\t\t\t<div class=\"box-content-wrapper\">\n\t\t\t\t\t\t\t\t\t<a class=\"elementor-icon-div\" >\t\t\t\t\t\t<div class=\"elementor-icon\">\n\t\t\t\t\t\t\t<i aria-hidden=\"true\" class=\"far fa-eye\"><\/i>\t\t\t\t\t\t<\/div>\n\t\t\t\t\t<\/a>\t\t\t\t\t\t\t\t<div class=\"box-content\">\n\t\t\t\t\t\t\t\t\t\t\t\t\t\t\t\t\t<h4 class=\"box-heading\">\n\t\t\t\t\t\t\t<a >\t\t\t\t\t\t\t\tVisi\u00f3n\t\t\t\t\t\t\t<\/a>\t\t\t\t\t\t<\/h4>\n\t\t\t\t\t\t\t\t\t\t\n\t\t\t\t\t\n\t\t\t\t<\/div>\n\t\t\t<\/div>\n\t\t<\/div>\t\t\t<\/div>\n\t\t\t\t<\/div>\n\t\t\t\t<div class=\"elementor-element elementor-element-4c2cfa4 elementor-widget elementor-widget-text-editor\" data-id=\"4c2cfa4\" data-element_type=\"widget\" data-widget_type=\"text-editor.default\">\n\t\t\t\t<div class=\"elementor-widget-container\">\n\t\t\t\t\t\t\t<p class=\"paragraph\" style=\"margin: 0cm; margin-bottom: .0001pt; text-align: justify; vertical-align: baseline;\">El <strong>Grupo GIBIMMA<\/strong> proyecta consolidarse como un referente regional en investigaci\u00f3n interdisciplinaria en <strong>biolog\u00eda matem\u00e1tica, matem\u00e1ticas aplicadas e inteligencia artificial<\/strong>, fortaleciendo la colaboraci\u00f3n acad\u00e9mica dentro de la Universidad de Nari\u00f1o y con otras instituciones nacionales e internacionales. El grupo aspira a contribuir de manera sostenida al desarrollo cient\u00edfico y tecnol\u00f3gico, a la formaci\u00f3n de investigadores y a la aplicaci\u00f3n del conocimiento matem\u00e1tico para comprender y resolver problem\u00e1ticas reales de la regi\u00f3n y del entorno nacional.<\/p>\t\t\t\t\t\t<\/div>\n\t\t\t\t<\/div>\n\t\t\t\t\t<\/div>\n\t\t<\/div>\n\t\t\t\t\t\t\t<\/div>\n\t\t<\/section>\n\t\t\t\t<section class=\"elementor-section elementor-top-section elementor-element elementor-element-12fd94d elementor-section-boxed elementor-section-height-default elementor-section-height-default\" data-id=\"12fd94d\" data-element_type=\"section\" data-settings=\"{&quot;background_background&quot;:&quot;classic&quot;}\">\n\t\t\t\t\t\t<div class=\"elementor-container elementor-column-gap-default\">\n\t\t\t\t\t<div class=\"elementor-column elementor-col-100 elementor-top-column elementor-element elementor-element-d06d391\" data-id=\"d06d391\" data-element_type=\"column\">\n\t\t\t<div class=\"elementor-widget-wrap elementor-element-populated\">\n\t\t\t\t\t\t\t\t<div class=\"elementor-element elementor-element-557abfe elementor-widget elementor-widget-heading\" data-id=\"557abfe\" data-element_type=\"widget\" data-widget_type=\"heading.default\">\n\t\t\t\t<div class=\"elementor-widget-container\">\n\t\t\t<h3 class=\"elementor-heading-title elementor-size-default\">Objetivo General<\/h3>\t\t<\/div>\n\t\t\t\t<\/div>\n\t\t\t\t<div class=\"elementor-element elementor-element-9e46fb8 elementor-widget-divider--view-line elementor-widget elementor-widget-divider\" data-id=\"9e46fb8\" data-element_type=\"widget\" data-widget_type=\"divider.default\">\n\t\t\t\t<div class=\"elementor-widget-container\">\n\t\t\t\t\t<div class=\"elementor-divider\">\n\t\t\t<span class=\"elementor-divider-separator\">\n\t\t\t\t\t\t<\/span>\n\t\t<\/div>\n\t\t\t\t<\/div>\n\t\t\t\t<\/div>\n\t\t\t\t<div class=\"elementor-element elementor-element-443ab89 elementor-widget elementor-widget-text-editor\" data-id=\"443ab89\" data-element_type=\"widget\" data-widget_type=\"text-editor.default\">\n\t\t\t\t<div class=\"elementor-widget-container\">\n\t\t\t\t\t\t\t<p style=\"text-align: justify;\">Contribuir al fortalecimiento de la investigaci\u00f3n en la Universidad de Nari\u00f1o, orientando sus esfuerzos hacia la soluci\u00f3n de problem\u00e1ticas regionales mediante el uso de herramientas de la <strong>Biolog\u00eda Matem\u00e1tica<\/strong> y la <strong>Matem\u00e1tica Aplicada. <\/strong><\/p>\t\t\t\t\t\t<\/div>\n\t\t\t\t<\/div>\n\t\t\t\t\t<\/div>\n\t\t<\/div>\n\t\t\t\t\t\t\t<\/div>\n\t\t<\/section>\n\t\t\t\t<section class=\"elementor-section elementor-top-section elementor-element elementor-element-fbb3660 elementor-section-boxed elementor-section-height-default elementor-section-height-default\" data-id=\"fbb3660\" data-element_type=\"section\" data-settings=\"{&quot;background_background&quot;:&quot;classic&quot;}\">\n\t\t\t\t\t\t<div class=\"elementor-container elementor-column-gap-default\">\n\t\t\t\t\t<div class=\"elementor-column elementor-col-100 elementor-top-column elementor-element elementor-element-1597e8a\" data-id=\"1597e8a\" data-element_type=\"column\">\n\t\t\t<div class=\"elementor-widget-wrap elementor-element-populated\">\n\t\t\t\t\t\t\t\t<div class=\"elementor-element elementor-element-c5b9265 elementor-widget elementor-widget-heading\" data-id=\"c5b9265\" data-element_type=\"widget\" data-widget_type=\"heading.default\">\n\t\t\t\t<div class=\"elementor-widget-container\">\n\t\t\t<h3 class=\"elementor-heading-title elementor-size-default\">Objetivos Espec\u00edficos<\/h3>\t\t<\/div>\n\t\t\t\t<\/div>\n\t\t\t\t<div class=\"elementor-element elementor-element-4a94813 elementor-widget-divider--view-line elementor-widget elementor-widget-divider\" data-id=\"4a94813\" data-element_type=\"widget\" data-widget_type=\"divider.default\">\n\t\t\t\t<div class=\"elementor-widget-container\">\n\t\t\t\t\t<div class=\"elementor-divider\">\n\t\t\t<span class=\"elementor-divider-separator\">\n\t\t\t\t\t\t<\/span>\n\t\t<\/div>\n\t\t\t\t<\/div>\n\t\t\t\t<\/div>\n\t\t\t\t\t<\/div>\n\t\t<\/div>\n\t\t\t\t\t\t\t<\/div>\n\t\t<\/section>\n\t\t\t\t<section class=\"elementor-section elementor-top-section elementor-element elementor-element-19109f1 elementor-section-content-middle elementor-section-boxed elementor-section-height-default elementor-section-height-default\" data-id=\"19109f1\" data-element_type=\"section\" data-settings=\"{&quot;background_background&quot;:&quot;classic&quot;}\">\n\t\t\t\t\t\t<div class=\"elementor-container elementor-column-gap-default\">\n\t\t\t\t\t<div class=\"elementor-column elementor-col-100 elementor-top-column elementor-element elementor-element-80bf51d\" data-id=\"80bf51d\" data-element_type=\"column\">\n\t\t\t<div class=\"elementor-widget-wrap elementor-element-populated\">\n\t\t\t\t\t\t\t\t<div class=\"elementor-element elementor-element-85371c0 arrows-relative-to-box_area slider-layout_1 slider-tablet-default slider-mobile-default slide-h-position-center bullets-small-dot-stroke elementor-widget elementor-widget-the7_content_carousel\" data-id=\"85371c0\" data-element_type=\"widget\" data-widget_type=\"the7_content_carousel.default\">\n\t\t\t\t<div class=\"elementor-widget-container\">\n\t\t\t<div class=\"carousel-nav-display-always   disable-arrows-hover-bg owl-carousel text-and-icon-carousel elementor-owl-carousel-call the7-elementor-widget the7_content_carousel-85371c0 quick-scale-img\" data-scroll-mode=\"1\" data-col-num=\"3\" data-wide-col-num=\"\" data-laptop-col=\"2\" data-h-tablet-columns-num=\"2\" data-v-tablet-columns-num=\"2\" data-phone-columns-num=\"1\" data-auto-height=\"false\" data-col-gap=\"30\" data-col-gap-tablet=\"\" data-col-gap-mobile=\"\" data-speed=\"600\" data-autoplay=\"false\" data-autoplay_speed=\"\"><div  class=\"dt-owl-item-wrap hide-icon\"  ><div class=\"dt-owl-item-inner \"><h4  class=\"dt-owl-item-heading\">1<\/h4><div class=\"dt-owl-item-description\"><p style=\"text-align: justify\">Crear y consolidar la l\u00ednea de estudio e investigaci\u00f3n en biomatem\u00e1tica \ndentro de la Universidad de Nari\u00f1o. <\/div><\/div><\/div><div  class=\"dt-owl-item-wrap hide-icon\"  ><div class=\"dt-owl-item-inner \"><h4  class=\"dt-owl-item-heading\">2<\/h4><div class=\"dt-owl-item-description\"><p style=\"text-align: justify\">Aportar a la <strong>soluci\u00f3n de problemas cient\u00edficos y tecnol\u00f3gicos<\/strong> en \u00e1reas \ncomo la biolog\u00eda, la medicina, las ingenier\u00edas, las ciencias b\u00e1sicas, las \nciencias humanas y otras disciplinas en las que la biomatem\u00e1tica y las \nmatem\u00e1ticas aplicadas puedan ser empleadas.<\/div><\/div><\/div><div  class=\"dt-owl-item-wrap hide-icon\"  ><div class=\"dt-owl-item-inner \"><h4  class=\"dt-owl-item-heading\">3<\/h4><div class=\"dt-owl-item-description\"><p style=\"text-align: justify\">Contribuir en la <strong>formaci\u00f3n en investigaci\u00f3n b\u00e1sica y aplicada<\/strong> de los \nestudiantes de la instituci\u00f3n, fomentando el pensamiento cr\u00edtico, la \ncreatividad y el trabajo interdisciplinario.<\/div><\/div><\/div><\/div><div class=\"owl-nav disabled\"><a class=\"owl-prev\" role=\"button\"><i class=\"fas fa-chevron-left\"><\/i><\/a><a class=\"owl-next\" role=\"button\"><i class=\"fas fa-chevron-right\"><\/i><\/a><\/div>\t\t<\/div>\n\t\t\t\t<\/div>\n\t\t\t\t\t<\/div>\n\t\t<\/div>\n\t\t\t\t\t\t\t<\/div>\n\t\t<\/section>\n\t\t\t\t<section class=\"elementor-section elementor-top-section elementor-element elementor-element-174edc6 elementor-section-content-middle elementor-section-boxed elementor-section-height-default elementor-section-height-default\" data-id=\"174edc6\" data-element_type=\"section\" data-settings=\"{&quot;background_background&quot;:&quot;classic&quot;}\">\n\t\t\t\t\t\t<div class=\"elementor-container elementor-column-gap-default\">\n\t\t\t\t\t<div class=\"elementor-column elementor-col-100 elementor-top-column elementor-element elementor-element-da8fded\" data-id=\"da8fded\" data-element_type=\"column\">\n\t\t\t<div class=\"elementor-widget-wrap elementor-element-populated\">\n\t\t\t\t\t\t\t\t<div class=\"elementor-element elementor-element-cc9d860 arrows-relative-to-box_area slider-layout_1 slider-tablet-default slider-mobile-default slide-h-position-center bullets-small-dot-stroke elementor-widget elementor-widget-the7_content_carousel\" data-id=\"cc9d860\" data-element_type=\"widget\" data-widget_type=\"the7_content_carousel.default\">\n\t\t\t\t<div class=\"elementor-widget-container\">\n\t\t\t<div class=\"carousel-nav-display-always   disable-arrows-hover-bg owl-carousel text-and-icon-carousel elementor-owl-carousel-call the7-elementor-widget the7_content_carousel-cc9d860 quick-scale-img\" data-scroll-mode=\"1\" data-col-num=\"3\" data-wide-col-num=\"\" data-laptop-col=\"2\" data-h-tablet-columns-num=\"2\" data-v-tablet-columns-num=\"2\" data-phone-columns-num=\"1\" data-auto-height=\"false\" data-col-gap=\"30\" data-col-gap-tablet=\"\" data-col-gap-mobile=\"\" data-speed=\"600\" data-autoplay=\"false\" data-autoplay_speed=\"\"><div  class=\"dt-owl-item-wrap hide-icon\"  ><div class=\"dt-owl-item-inner \"><h4  class=\"dt-owl-item-heading\">4<\/h4><div class=\"dt-owl-item-description\"><p style=\"text-align: justify\">Colaborar e <strong>interactuar con otros grupos de investigaci\u00f3n<\/strong> de car\u00e1cter \nregional, nacional e internacional en el desarrollo de proyectos conjuntos. <\/div><\/div><\/div><div  class=\"dt-owl-item-wrap hide-icon\"  ><div class=\"dt-owl-item-inner \"><h4  class=\"dt-owl-item-heading\">5<\/h4><div class=\"dt-owl-item-description\"><p style=\"text-align: justify\">Promover la <strong>divulgaci\u00f3n del conocimiento cient\u00edfico<\/strong> a trav\u00e9s de eventos acad\u00e9micos, publicaciones y actividades de extensi\u00f3n.<\/div><\/div><\/div><div  class=\"dt-owl-item-wrap hide-icon\"  ><div class=\"dt-owl-item-inner \"><h4  class=\"dt-owl-item-heading\">6<\/h4><div class=\"dt-owl-item-description\"><p style=\"text-align: justify\">Fomentar la <strong>incorporaci\u00f3n de nuevas herramientas tecnol\u00f3gicas, <\/strong>como la inteligencia artificial y la modelaci\u00f3n computacional, que potencien la investigaci\u00f3n en biomatem\u00e1tica y \u00e1reas afines.<\/div><\/div><\/div><\/div><div class=\"owl-nav disabled\"><a class=\"owl-prev\" role=\"button\"><i class=\"fas fa-chevron-left\"><\/i><\/a><a class=\"owl-next\" role=\"button\"><i class=\"fas fa-chevron-right\"><\/i><\/a><\/div>\t\t<\/div>\n\t\t\t\t<\/div>\n\t\t\t\t\t<\/div>\n\t\t<\/div>\n\t\t\t\t\t\t\t<\/div>\n\t\t<\/section>\n\t\t\t\t\t\t\t<\/div>\n\t\t","protected":false},"excerpt":{"rendered":"<p>\u00bfQui\u00e9nes Somos? El grupo se ha enfocado en la formaci\u00f3n de talento humano en biolog\u00eda matem\u00e1tica y matem\u00e1ticas aplicadas, mediante la direcci\u00f3n de tesis de pregrado y posgrado, y la realizaci\u00f3n de proyectos de investigaci\u00f3n financiados interna y externamente, con colaboraci\u00f3n nacional e internacional. Entre sus logros se cuentan la organizaci\u00f3n del Primer Encuentro de&hellip;<\/p>\n","protected":false},"author":1,"featured_media":0,"parent":0,"menu_order":0,"comment_status":"closed","ping_status":"closed","template":"elementor_header_footer","meta":{"footnotes":""},"_links":{"self":[{"href":"https:\/\/gibimma.udenar.edu.co\/index.php?rest_route=\/wp\/v2\/pages\/4367"}],"collection":[{"href":"https:\/\/gibimma.udenar.edu.co\/index.php?rest_route=\/wp\/v2\/pages"}],"about":[{"href":"https:\/\/gibimma.udenar.edu.co\/index.php?rest_route=\/wp\/v2\/types\/page"}],"author":[{"embeddable":true,"href":"https:\/\/gibimma.udenar.edu.co\/index.php?rest_route=\/wp\/v2\/users\/1"}],"replies":[{"embeddable":true,"href":"https:\/\/gibimma.udenar.edu.co\/index.php?rest_route=%2Fwp%2Fv2%2Fcomments&post=4367"}],"version-history":[{"count":47,"href":"https:\/\/gibimma.udenar.edu.co\/index.php?rest_route=\/wp\/v2\/pages\/4367\/revisions"}],"predecessor-version":[{"id":4533,"href":"https:\/\/gibimma.udenar.edu.co\/index.php?rest_route=\/wp\/v2\/pages\/4367\/revisions\/4533"}],"wp:attachment":[{"href":"https:\/\/gibimma.udenar.edu.co\/index.php?rest_route=%2Fwp%2Fv2%2Fmedia&parent=4367"}],"curies":[{"name":"wp","href":"https:\/\/api.w.org\/{rel}","templated":true}]}}